{"id":58,"date":"2025-01-07T10:30:27","date_gmt":"2025-01-07T10:30:27","guid":{"rendered":"https:\/\/phdesign.it\/test\/restyling\/"},"modified":"2025-02-06T11:02:45","modified_gmt":"2025-02-06T11:02:45","slug":"restyling","status":"publish","type":"page","link":"https:\/\/phdesign.it\/test\/restyling\/","title":{"rendered":"RESTYLING"},"content":{"rendered":"\t\t<div data-elementor-type=\"wp-page\" data-elementor-id=\"58\" class=\"elementor elementor-58\" data-elementor-post-type=\"page\">\n\t\t\t\t<div class=\"elementor-element elementor-element-8c67843 e-flex e-con-boxed e-con e-parent\" data-id=\"8c67843\" data-element_type=\"container\" data-settings=\"{&quot;jet_parallax_layout_list&quot;:[]}\">\n\t\t\t\t\t<div class=\"e-con-inner\">\n\t\t\t\t<div class=\"elementor-element elementor-element-484cfe6 elementor-widget elementor-widget-image\" data-id=\"484cfe6\" data-element_type=\"widget\" data-widget_type=\"image.default\">\n\t\t\t\t<div class=\"elementor-widget-container\">\n\t\t\t\t\t\t\t\t\t\t\t\t\t\t\t<img fetchpriority=\"high\" decoding=\"async\" width=\"723\" height=\"423\" src=\"https:\/\/phdesign.it\/test\/wp-content\/uploads\/2025\/01\/wall-restyling-ph.png\" class=\"attachment-large size-large wp-image-59\" alt=\"\" srcset=\"https:\/\/phdesign.it\/test\/wp-content\/uploads\/2025\/01\/wall-restyling-ph.png 723w, https:\/\/phdesign.it\/test\/wp-content\/uploads\/2025\/01\/wall-restyling-ph-300x176.png 300w\" sizes=\"(max-width: 723px) 100vw, 723px\" \/>\t\t\t\t\t\t\t\t\t\t\t\t\t\t\t<\/div>\n\t\t\t\t<\/div>\n\t\t\t\t<div class=\"elementor-element elementor-element-9595246 elementor-widget elementor-widget-heading\" data-id=\"9595246\" data-element_type=\"widget\" data-widget_type=\"heading.default\">\n\t\t\t\t<div class=\"elementor-widget-container\">\n\t\t\t\t\t<h2 class=\"elementor-heading-title elementor-size-default\">Restyling in farmacia, come fare la ristrutturazione parziale del locale<\/h2>\t\t\t\t<\/div>\n\t\t\t\t<\/div>\n\t\t\t\t\t<\/div>\n\t\t\t\t<\/div>\n\t\t<div class=\"elementor-element elementor-element-259f29c e-con-full e-flex e-con e-parent\" data-id=\"259f29c\" data-element_type=\"container\" data-settings=\"{&quot;jet_parallax_layout_list&quot;:[]}\">\n\t\t<div class=\"elementor-element elementor-element-c9f2e37 e-con-full e-flex e-con e-child\" data-id=\"c9f2e37\" data-element_type=\"container\" data-settings=\"{&quot;jet_parallax_layout_list&quot;:[]}\">\n\t\t\t\t<div class=\"elementor-element elementor-element-b78b767 elementor-widget elementor-widget-spacer\" data-id=\"b78b767\" data-element_type=\"widget\" data-widget_type=\"spacer.default\">\n\t\t\t\t<div class=\"elementor-widget-container\">\n\t\t\t\t\t\t\t<div class=\"elementor-spacer\">\n\t\t\t<div class=\"elementor-spacer-inner\"><\/div>\n\t\t<\/div>\n\t\t\t\t\t\t<\/div>\n\t\t\t\t<\/div>\n\t\t\t\t<\/div>\n\t\t<div class=\"elementor-element elementor-element-aa409f8 e-con-full e-flex e-con e-child\" data-id=\"aa409f8\" data-element_type=\"container\" data-settings=\"{&quot;jet_parallax_layout_list&quot;:[]}\">\n\t\t\t\t<\/div>\n\t\t\t\t<\/div>\n\t\t<div class=\"elementor-element elementor-element-62a9b44 e-flex e-con-boxed e-con e-parent\" data-id=\"62a9b44\" data-element_type=\"container\" data-settings=\"{&quot;jet_parallax_layout_list&quot;:[]}\">\n\t\t\t\t\t<div class=\"e-con-inner\">\n\t\t\t\t<div class=\"elementor-element elementor-element-1473126 elementor-widget elementor-widget-text-editor\" data-id=\"1473126\" data-element_type=\"widget\" data-widget_type=\"text-editor.default\">\n\t\t\t\t<div class=\"elementor-widget-container\">\n\t\t\t\t\t\t\t\t\t<p>Il <em><strong>Restyling<\/strong> <\/em>\u00e8 una <span style=\"color: #993366;\">ristrutturazione parziale<\/span> della farmacia. Anche solo un semplice reparto infatti pu\u00f2 determinare una nuova energia.<\/p><p>Questo si traduce in <span style=\"color: #993366;\"><strong>aumento di fatturato<\/strong><\/span>: pi\u00f9 curiamo una categoria sia in termini estetici (dando la giusta collocazione ai prodotti con il design dei mobili) sia in termini di professionalit\u00e0 (dedichiamo figure professionali al consiglio) e pi\u00f9 ci ripagher\u00e0 in termini di aumento di clientela e quindi di fatturato.<\/p><p>Ph design realizza in<strong><span style=\"color: #993366;\"> tempi brevissimi (anche solo un week end)<\/span><\/strong> il restyling parziale della TUA FARMACIA con il servizio <span style=\"color: #993366;\"><strong>FAST and SMART<\/strong><\/span> sempre a farmacia aperta.<\/p>\t\t\t\t\t\t\t\t<\/div>\n\t\t\t\t<\/div>\n\t\t\t\t\t<\/div>\n\t\t\t\t<\/div>\n\t\t<div class=\"elementor-element elementor-element-b7d7e87 e-con-full e-flex e-con e-parent\" data-id=\"b7d7e87\" data-element_type=\"container\" data-settings=\"{&quot;jet_parallax_layout_list&quot;:[]}\">\n\t\t<div class=\"elementor-element elementor-element-8ec1947 e-con-full e-flex e-con e-child\" data-id=\"8ec1947\" data-element_type=\"container\" data-settings=\"{&quot;jet_parallax_layout_list&quot;:[]}\">\n\t\t\t\t<div class=\"elementor-element elementor-element-9c3ec0f elementor-widget elementor-widget-spacer\" data-id=\"9c3ec0f\" data-element_type=\"widget\" data-widget_type=\"spacer.default\">\n\t\t\t\t<div class=\"elementor-widget-container\">\n\t\t\t\t\t\t\t<div class=\"elementor-spacer\">\n\t\t\t<div class=\"elementor-spacer-inner\"><\/div>\n\t\t<\/div>\n\t\t\t\t\t\t<\/div>\n\t\t\t\t<\/div>\n\t\t\t\t<\/div>\n\t\t<div class=\"elementor-element elementor-element-f8ff71d e-con-full e-flex e-con e-child\" data-id=\"f8ff71d\" data-element_type=\"container\" data-settings=\"{&quot;jet_parallax_layout_list&quot;:[]}\">\n\t\t\t\t<\/div>\n\t\t\t\t<\/div>\n\t\t<div class=\"elementor-element elementor-element-09ec49b e-flex e-con-boxed e-con e-parent\" data-id=\"09ec49b\" data-element_type=\"container\" data-settings=\"{&quot;jet_parallax_layout_list&quot;:[]}\">\n\t\t\t\t\t<div class=\"e-con-inner\">\n\t\t\t\t<div class=\"elementor-element elementor-element-6a3ba1a elementor-widget elementor-widget-heading\" data-id=\"6a3ba1a\" data-element_type=\"widget\" data-widget_type=\"heading.default\">\n\t\t\t\t<div class=\"elementor-widget-container\">\n\t\t\t\t\t<h2 class=\"elementor-heading-title elementor-size-default\">Farmacia Casalfiumanese<\/h2>\t\t\t\t<\/div>\n\t\t\t\t<\/div>\n\t\t\t\t\t<\/div>\n\t\t\t\t<\/div>\n\t\t<div class=\"elementor-element elementor-element-d6f58c8 e-flex e-con-boxed e-con e-parent\" data-id=\"d6f58c8\" data-element_type=\"container\" data-settings=\"{&quot;background_background&quot;:&quot;classic&quot;,&quot;jet_parallax_layout_list&quot;:[]}\">\n\t\t\t\t\t<div class=\"e-con-inner\">\n\t\t<div class=\"elementor-element elementor-element-6ea9bad e-con-full e-flex elementor-invisible e-con e-child\" data-id=\"6ea9bad\" data-element_type=\"container\" data-settings=\"{&quot;background_background&quot;:&quot;classic&quot;,&quot;jet_parallax_layout_list&quot;:[],&quot;animation&quot;:&quot;fadeIn&quot;}\">\n\t\t\t\t<div class=\"elementor-element elementor-element-1badeab elementor-widget__width-initial elementor-widget-mobile__width-inherit elementor-arrows-position-inside elementor-pagination-position-outside elementor-widget elementor-widget-image-carousel\" data-id=\"1badeab\" data-element_type=\"widget\" data-settings=\"{&quot;slides_to_show&quot;:&quot;1&quot;,&quot;autoplay_speed&quot;:2000,&quot;navigation&quot;:&quot;both&quot;,&quot;autoplay&quot;:&quot;yes&quot;,&quot;infinite&quot;:&quot;yes&quot;,&quot;effect&quot;:&quot;slide&quot;,&quot;speed&quot;:500}\" data-widget_type=\"image-carousel.default\">\n\t\t\t\t<div class=\"elementor-widget-container\">\n\t\t\t\t\t\t\t<div class=\"elementor-image-carousel-wrapper swiper\" role=\"region\" aria-roledescription=\"carousel\" aria-label=\"Carosello d&#039;immagini\" dir=\"ltr\">\n\t\t\t<div class=\"elementor-image-carousel swiper-wrapper swiper-image-stretch\" aria-live=\"off\">\n\t\t\t\t\t\t\t\t<div class=\"swiper-slide\" role=\"group\" aria-roledescription=\"slide\" aria-label=\"1 di 2\"><a data-elementor-open-lightbox=\"yes\" data-elementor-lightbox-slideshow=\"1badeab\" data-elementor-lightbox-title=\"prima-e-dopo-x-mesonry-01.jpg\" data-e-action-hash=\"#elementor-action%3Aaction%3Dlightbox%26settings%3DeyJpZCI6NjAsInVybCI6Imh0dHBzOlwvXC9waGRlc2lnbi5pdFwvdGVzdFwvd3AtY29udGVudFwvdXBsb2Fkc1wvMjAyNVwvMDFcL3ByaW1hLWUtZG9wby14LW1lc29ucnktMDEuanBnIiwic2xpZGVzaG93IjoiMWJhZGVhYiJ9\" href=\"https:\/\/phdesign.it\/test\/wp-content\/uploads\/2025\/01\/prima-e-dopo-x-mesonry-01.jpg\"><figure class=\"swiper-slide-inner\"><img decoding=\"async\" class=\"swiper-slide-image\" src=\"https:\/\/phdesign.it\/test\/wp-content\/uploads\/2025\/01\/prima-e-dopo-x-mesonry-01.jpg\" alt=\"prima-e-dopo-x-mesonry-01.jpg\" \/><\/figure><\/a><\/div><div class=\"swiper-slide\" role=\"group\" aria-roledescription=\"slide\" aria-label=\"2 di 2\"><a data-elementor-open-lightbox=\"yes\" data-elementor-lightbox-slideshow=\"1badeab\" data-elementor-lightbox-title=\"RELOOKING-casalf-01.jpg\" data-e-action-hash=\"#elementor-action%3Aaction%3Dlightbox%26settings%3DeyJpZCI6NjEsInVybCI6Imh0dHBzOlwvXC9waGRlc2lnbi5pdFwvdGVzdFwvd3AtY29udGVudFwvdXBsb2Fkc1wvMjAyNVwvMDFcL1JFTE9PS0lORy1jYXNhbGYtMDEuanBnIiwic2xpZGVzaG93IjoiMWJhZGVhYiJ9\" href=\"https:\/\/phdesign.it\/test\/wp-content\/uploads\/2025\/01\/RELOOKING-casalf-01.jpg\"><figure class=\"swiper-slide-inner\"><img decoding=\"async\" class=\"swiper-slide-image\" src=\"https:\/\/phdesign.it\/test\/wp-content\/uploads\/2025\/01\/RELOOKING-casalf-01.jpg\" alt=\"RELOOKING-casalf-01.jpg\" \/><\/figure><\/a><\/div>\t\t\t<\/div>\n\t\t\t\t\t\t\t\t\t\t\t\t<div class=\"elementor-swiper-button elementor-swiper-button-prev\" role=\"button\" tabindex=\"0\">\n\t\t\t\t\t\t<svg aria-hidden=\"true\" class=\"e-font-icon-svg e-eicon-chevron-left\" viewBox=\"0 0 1000 1000\" xmlns=\"http:\/\/www.w3.org\/2000\/svg\"><path d=\"M646 125C629 125 613 133 604 142L308 442C296 454 292 471 292 487 292 504 296 521 308 533L604 854C617 867 629 875 646 875 663 875 679 871 692 858 704 846 713 829 713 812 713 796 708 779 692 767L438 487 692 225C700 217 708 204 708 187 708 171 704 154 692 142 675 129 663 125 646 125Z\"><\/path><\/svg>\t\t\t\t\t<\/div>\n\t\t\t\t\t<div class=\"elementor-swiper-button elementor-swiper-button-next\" role=\"button\" tabindex=\"0\">\n\t\t\t\t\t\t<svg aria-hidden=\"true\" class=\"e-font-icon-svg e-eicon-chevron-right\" viewBox=\"0 0 1000 1000\" xmlns=\"http:\/\/www.w3.org\/2000\/svg\"><path d=\"M696 533C708 521 713 504 713 487 713 471 708 454 696 446L400 146C388 133 375 125 354 125 338 125 325 129 313 142 300 154 292 171 292 187 292 204 296 221 308 233L563 492 304 771C292 783 288 800 288 817 288 833 296 850 308 863 321 871 338 875 354 875 371 875 388 867 400 854L696 533Z\"><\/path><\/svg>\t\t\t\t\t<\/div>\n\t\t\t\t\n\t\t\t\t\t\t\t\t\t<div class=\"swiper-pagination\"><\/div>\n\t\t\t\t\t\t\t\t\t<\/div>\n\t\t\t\t\t\t<\/div>\n\t\t\t\t<\/div>\n\t\t<div class=\"elementor-element elementor-element-9a6eb7c e-con-full e-flex e-con e-child\" data-id=\"9a6eb7c\" data-element_type=\"container\" data-settings=\"{&quot;jet_parallax_layout_list&quot;:[]}\">\n\t\t\t\t<div class=\"elementor-element elementor-element-b51049a elementor-widget elementor-widget-text-editor\" data-id=\"b51049a\" data-element_type=\"widget\" data-widget_type=\"text-editor.default\">\n\t\t\t\t<div class=\"elementor-widget-container\">\n\t\t\t\t\t\t\t\t\t<p>Abbiamo fatto il restyling totale di questa farmacia, dove gli <strong><span style=\"color: #993366;\">arredi sono stati interamente riutilizzati <\/span><span style=\"color: #000000;\">rinnovandoli con la grafica <em>category.<\/em><\/span><\/strong> Un nuovo banco vendita e la realizzazione di un nuovo controsoffitto con illuminazione idonea rendono ora lo spazio di questa farmacia estremamente piacevole.<\/p>\t\t\t\t\t\t\t\t<\/div>\n\t\t\t\t<\/div>\n\t\t\t\t<div class=\"elementor-element elementor-element-7ca4263 elementor-widget elementor-widget-jet-button\" data-id=\"7ca4263\" data-element_type=\"widget\" data-widget_type=\"jet-button.default\">\n\t\t\t\t<div class=\"elementor-widget-container\">\n\t\t\t\t\t<div class=\"elementor-jet-button jet-elements\"><div class=\"jet-button__container\">\n\t<a class=\"jet-button__instance jet-button__instance--icon-left hover-effect-0\" href=\"https:\/\/www.phdesign.it\/lavori\/restyling-parziale\/\">\n\t\t<div class=\"jet-button__plane jet-button__plane-normal\"><\/div>\n\t\t<div class=\"jet-button__plane jet-button__plane-hover\"><\/div>\n\t\t<div class=\"jet-button__state jet-button__state-normal\">\n\t\t\t<span class=\"jet-button__label\">visualizza la farmacia<\/span>\t\t<\/div>\n\t\t<div class=\"jet-button__state jet-button__state-hover\">\n\t\t\t<span class=\"jet-button__label\">visualizza<\/span>\t\t<\/div>\n\t<\/a>\n<\/div>\n<\/div>\t\t\t\t<\/div>\n\t\t\t\t<\/div>\n\t\t\t\t<\/div>\n\t\t\t\t<\/div>\n\t\t\t\t\t<\/div>\n\t\t\t\t<\/div>\n\t\t<div class=\"elementor-element elementor-element-742af21 e-con-full e-flex e-con e-parent\" data-id=\"742af21\" data-element_type=\"container\" data-settings=\"{&quot;jet_parallax_layout_list&quot;:[]}\">\n\t\t<div class=\"elementor-element elementor-element-b2c44a2 e-con-full e-flex e-con e-child\" data-id=\"b2c44a2\" data-element_type=\"container\" data-settings=\"{&quot;jet_parallax_layout_list&quot;:[]}\">\n\t\t\t\t<div class=\"elementor-element elementor-element-4d6ceb3 elementor-widget elementor-widget-spacer\" data-id=\"4d6ceb3\" data-element_type=\"widget\" data-widget_type=\"spacer.default\">\n\t\t\t\t<div class=\"elementor-widget-container\">\n\t\t\t\t\t\t\t<div class=\"elementor-spacer\">\n\t\t\t<div class=\"elementor-spacer-inner\"><\/div>\n\t\t<\/div>\n\t\t\t\t\t\t<\/div>\n\t\t\t\t<\/div>\n\t\t\t\t<\/div>\n\t\t<div class=\"elementor-element elementor-element-062f974 e-con-full e-flex e-con e-child\" data-id=\"062f974\" data-element_type=\"container\" data-settings=\"{&quot;jet_parallax_layout_list&quot;:[]}\">\n\t\t\t\t<\/div>\n\t\t\t\t<\/div>\n\t\t<div class=\"elementor-element elementor-element-07d9794 e-flex e-con-boxed e-con e-parent\" data-id=\"07d9794\" data-element_type=\"container\" data-settings=\"{&quot;jet_parallax_layout_list&quot;:[]}\">\n\t\t\t\t\t<div class=\"e-con-inner\">\n\t\t\t\t<div class=\"elementor-element elementor-element-477acd2 elementor-widget elementor-widget-heading\" data-id=\"477acd2\" data-element_type=\"widget\" data-widget_type=\"heading.default\">\n\t\t\t\t<div class=\"elementor-widget-container\">\n\t\t\t\t\t<h2 class=\"elementor-heading-title elementor-size-default\">Farmacia Axa Madonnetta<\/h2>\t\t\t\t<\/div>\n\t\t\t\t<\/div>\n\t\t\t\t\t<\/div>\n\t\t\t\t<\/div>\n\t\t<div class=\"elementor-element elementor-element-024544f e-flex e-con-boxed e-con e-parent\" data-id=\"024544f\" data-element_type=\"container\" data-settings=\"{&quot;background_background&quot;:&quot;classic&quot;,&quot;jet_parallax_layout_list&quot;:[]}\">\n\t\t\t\t\t<div class=\"e-con-inner\">\n\t\t<div class=\"elementor-element elementor-element-ea90b87 e-con-full e-flex elementor-invisible e-con e-child\" data-id=\"ea90b87\" data-element_type=\"container\" data-settings=\"{&quot;background_background&quot;:&quot;classic&quot;,&quot;jet_parallax_layout_list&quot;:[],&quot;animation&quot;:&quot;fadeIn&quot;}\">\n\t\t\t\t<div class=\"elementor-element elementor-element-d39df32 elementor-widget elementor-widget-image\" data-id=\"d39df32\" data-element_type=\"widget\" data-widget_type=\"image.default\">\n\t\t\t\t<div class=\"elementor-widget-container\">\n\t\t\t\t\t\t\t\t\t\t\t\t\t\t\t<img decoding=\"async\" width=\"800\" height=\"455\" src=\"https:\/\/phdesign.it\/test\/wp-content\/uploads\/2025\/01\/AXA-prima-e-dopo_Tavola-disegno-1.jpg\" class=\"attachment-large size-large wp-image-62\" alt=\"\" srcset=\"https:\/\/phdesign.it\/test\/wp-content\/uploads\/2025\/01\/AXA-prima-e-dopo_Tavola-disegno-1.jpg 963w, https:\/\/phdesign.it\/test\/wp-content\/uploads\/2025\/01\/AXA-prima-e-dopo_Tavola-disegno-1-300x171.jpg 300w, https:\/\/phdesign.it\/test\/wp-content\/uploads\/2025\/01\/AXA-prima-e-dopo_Tavola-disegno-1-768x437.jpg 768w\" sizes=\"(max-width: 800px) 100vw, 800px\" \/>\t\t\t\t\t\t\t\t\t\t\t\t\t\t\t<\/div>\n\t\t\t\t<\/div>\n\t\t\t\t<div class=\"elementor-element elementor-element-84531f4 elementor-widget elementor-widget-image\" data-id=\"84531f4\" data-element_type=\"widget\" data-widget_type=\"image.default\">\n\t\t\t\t<div class=\"elementor-widget-container\">\n\t\t\t\t\t\t\t\t\t\t\t\t\t\t\t\t<a href=\"https:\/\/www.phdesign.it\/lavori\/restyling-senza-chiudere-farmacia-axa-madonnetta\/\" target=\"_blank\">\n\t\t\t\t\t\t\t<img decoding=\"async\" width=\"800\" height=\"455\" src=\"https:\/\/phdesign.it\/test\/wp-content\/uploads\/2025\/01\/AXA-prima-e-dopo-02.jpg\" class=\"attachment-large size-large wp-image-63\" alt=\"\" srcset=\"https:\/\/phdesign.it\/test\/wp-content\/uploads\/2025\/01\/AXA-prima-e-dopo-02.jpg 963w, https:\/\/phdesign.it\/test\/wp-content\/uploads\/2025\/01\/AXA-prima-e-dopo-02-300x171.jpg 300w, https:\/\/phdesign.it\/test\/wp-content\/uploads\/2025\/01\/AXA-prima-e-dopo-02-768x437.jpg 768w\" sizes=\"(max-width: 800px) 100vw, 800px\" \/>\t\t\t\t\t\t\t\t<\/a>\n\t\t\t\t\t\t\t\t\t\t\t\t\t\t\t<\/div>\n\t\t\t\t<\/div>\n\t\t\t\t<\/div>\n\t\t\t\t\t<\/div>\n\t\t\t\t<\/div>\n\t\t<div class=\"elementor-element elementor-element-c7512e9 e-flex e-con-boxed e-con e-parent\" data-id=\"c7512e9\" data-element_type=\"container\" data-settings=\"{&quot;jet_parallax_layout_list&quot;:[]}\">\n\t\t\t\t\t<div class=\"e-con-inner\">\n\t\t\t\t<div class=\"elementor-element elementor-element-e34360f elementor-widget elementor-widget-spacer\" data-id=\"e34360f\" data-element_type=\"widget\" data-widget_type=\"spacer.default\">\n\t\t\t\t<div class=\"elementor-widget-container\">\n\t\t\t\t\t\t\t<div class=\"elementor-spacer\">\n\t\t\t<div class=\"elementor-spacer-inner\"><\/div>\n\t\t<\/div>\n\t\t\t\t\t\t<\/div>\n\t\t\t\t<\/div>\n\t\t\t\t\t<\/div>\n\t\t\t\t<\/div>\n\t\t\t\t<\/div>\n\t\t","protected":false},"excerpt":{"rendered":"<p>Restyling in farmacia, come fare la ristrutturazione parziale del locale Il Restyling \u00e8 una ristrutturazione parziale della farmacia. Anche solo un semplice reparto infatti pu\u00f2 determinare una nuova energia. Questo si traduce in aumento di fatturato: pi\u00f9 curiamo una categoria sia in termini estetici (dando la giusta collocazione ai prodotti con il design dei mobili) [&hellip;]<\/p>\n","protected":false},"author":1,"featured_media":0,"parent":0,"menu_order":0,"comment_status":"closed","ping_status":"closed","template":"","meta":{"footnotes":""},"class_list":["post-58","page","type-page","status-publish","hentry"],"_links":{"self":[{"href":"https:\/\/phdesign.it\/test\/wp-json\/wp\/v2\/pages\/58","targetHints":{"allow":["GET"]}}],"collection":[{"href":"https:\/\/phdesign.it\/test\/wp-json\/wp\/v2\/pages"}],"about":[{"href":"https:\/\/phdesign.it\/test\/wp-json\/wp\/v2\/types\/page"}],"author":[{"embeddable":true,"href":"https:\/\/phdesign.it\/test\/wp-json\/wp\/v2\/users\/1"}],"replies":[{"embeddable":true,"href":"https:\/\/phdesign.it\/test\/wp-json\/wp\/v2\/comments?post=58"}],"version-history":[{"count":34,"href":"https:\/\/phdesign.it\/test\/wp-json\/wp\/v2\/pages\/58\/revisions"}],"predecessor-version":[{"id":25830,"href":"https:\/\/phdesign.it\/test\/wp-json\/wp\/v2\/pages\/58\/revisions\/25830"}],"wp:attachment":[{"href":"https:\/\/phdesign.it\/test\/wp-json\/wp\/v2\/media?parent=58"}],"curies":[{"name":"wp","href":"https:\/\/api.w.org\/{rel}","templated":true}]}}