{"id":24866,"date":"2025-01-07T11:26:57","date_gmt":"2025-01-07T11:26:57","guid":{"rendered":"http:\/\/PH%20Design"},"modified":"2025-02-19T08:57:45","modified_gmt":"2025-02-19T08:57:45","slug":"arancione","status":"publish","type":"page","link":"https:\/\/phdesign.it\/test\/colori-in-farmacia\/arancione\/","title":{"rendered":"ARANCIONE"},"content":{"rendered":"\t\t<div data-elementor-type=\"wp-page\" data-elementor-id=\"24866\" class=\"elementor elementor-24866\" data-elementor-post-type=\"page\">\n\t\t\t\t<div class=\"elementor-element elementor-element-608f68e e-con-full e-flex e-con e-parent\" data-id=\"608f68e\" data-element_type=\"container\" data-settings=\"{&quot;jet_parallax_layout_list&quot;:[]}\">\n\t\t<div class=\"elementor-element elementor-element-8f8bc15 e-con-full e-flex e-con e-child\" data-id=\"8f8bc15\" data-element_type=\"container\" data-settings=\"{&quot;jet_parallax_layout_list&quot;:[]}\">\n\t\t\t\t<div class=\"elementor-element elementor-element-8198f6b elementor-widget elementor-widget-wp-widget-bcn_widget\" data-id=\"8198f6b\" data-element_type=\"widget\" data-widget_type=\"wp-widget-bcn_widget.default\">\n\t\t\t\t<div class=\"elementor-widget-container\">\n\t\t\t\t\t<div class=\"breadcrumbs\" vocab=\"https:\/\/schema.org\/\" typeof=\"BreadcrumbList\"><!-- Breadcrumb NavXT 7.4.1 -->\n<span property=\"itemListElement\" typeof=\"ListItem\"><a property=\"item\" typeof=\"WebPage\" title=\"Vai a Ph Design.\" href=\"https:\/\/phdesign.it\/test\" class=\"home\" aria-current=\"page\"><span property=\"name\">Ph Design<\/span><\/a><meta property=\"position\" content=\"1\"><\/span><\/div>\t\t\t\t<\/div>\n\t\t\t\t<\/div>\n\t\t\t\t<div class=\"elementor-element elementor-element-8dc2c9c elementor-widget elementor-widget-spacer\" data-id=\"8dc2c9c\" data-element_type=\"widget\" data-widget_type=\"spacer.default\">\n\t\t\t\t<div class=\"elementor-widget-container\">\n\t\t\t\t\t\t\t<div class=\"elementor-spacer\">\n\t\t\t<div class=\"elementor-spacer-inner\"><\/div>\n\t\t<\/div>\n\t\t\t\t\t\t<\/div>\n\t\t\t\t<\/div>\n\t\t\t\t<\/div>\n\t\t<div class=\"elementor-element elementor-element-ce8fc05 e-con-full e-flex e-con e-child\" data-id=\"ce8fc05\" data-element_type=\"container\" data-settings=\"{&quot;jet_parallax_layout_list&quot;:[]}\">\n\t\t\t\t<\/div>\n\t\t\t\t<\/div>\n\t\t\t\t<section class=\"elementor-section elementor-top-section elementor-element elementor-element-2213f66 elementor-section-boxed elementor-section-height-default elementor-section-height-default\" data-id=\"2213f66\" data-element_type=\"section\" data-settings=\"{&quot;jet_parallax_layout_list&quot;:[{&quot;jet_parallax_layout_image&quot;:{&quot;url&quot;:&quot;&quot;,&quot;id&quot;:&quot;&quot;,&quot;size&quot;:&quot;&quot;},&quot;_id&quot;:&quot;e87b659&quot;,&quot;jet_parallax_layout_image_tablet&quot;:{&quot;url&quot;:&quot;&quot;,&quot;id&quot;:&quot;&quot;,&quot;size&quot;:&quot;&quot;},&quot;jet_parallax_layout_image_mobile&quot;:{&quot;url&quot;:&quot;&quot;,&quot;id&quot;:&quot;&quot;,&quot;size&quot;:&quot;&quot;},&quot;jet_parallax_layout_speed&quot;:{&quot;unit&quot;:&quot;%&quot;,&quot;size&quot;:50,&quot;sizes&quot;:[]},&quot;jet_parallax_layout_type&quot;:&quot;scroll&quot;,&quot;jet_parallax_layout_direction&quot;:null,&quot;jet_parallax_layout_fx_direction&quot;:null,&quot;jet_parallax_layout_z_index&quot;:&quot;&quot;,&quot;jet_parallax_layout_bg_x&quot;:50,&quot;jet_parallax_layout_bg_x_tablet&quot;:&quot;&quot;,&quot;jet_parallax_layout_bg_x_mobile&quot;:&quot;&quot;,&quot;jet_parallax_layout_bg_y&quot;:50,&quot;jet_parallax_layout_bg_y_tablet&quot;:&quot;&quot;,&quot;jet_parallax_layout_bg_y_mobile&quot;:&quot;&quot;,&quot;jet_parallax_layout_bg_size&quot;:&quot;auto&quot;,&quot;jet_parallax_layout_bg_size_tablet&quot;:&quot;&quot;,&quot;jet_parallax_layout_bg_size_mobile&quot;:&quot;&quot;,&quot;jet_parallax_layout_animation_prop&quot;:&quot;transform&quot;,&quot;jet_parallax_layout_on&quot;:[&quot;desktop&quot;,&quot;tablet&quot;]}]}\">\n\t\t\t\t\t\t<div class=\"elementor-container elementor-column-gap-default\">\n\t\t\t\t\t<div class=\"elementor-column elementor-col-100 elementor-top-column elementor-element elementor-element-b071cbc\" data-id=\"b071cbc\" data-element_type=\"column\">\n\t\t\t<div class=\"elementor-widget-wrap elementor-element-populated\">\n\t\t\t\t\t\t<div class=\"elementor-element elementor-element-349c9c3 elementor-widget elementor-widget-heading\" data-id=\"349c9c3\" data-element_type=\"widget\" data-widget_type=\"heading.default\">\n\t\t\t\t<div class=\"elementor-widget-container\">\n\t\t\t\t\t<h2 class=\"elementor-heading-title elementor-size-default\">Arancione<\/h2>\t\t\t\t<\/div>\n\t\t\t\t<\/div>\n\t\t\t\t\t<\/div>\n\t\t<\/div>\n\t\t\t\t\t<\/div>\n\t\t<\/section>\n\t\t<div class=\"elementor-element elementor-element-be5a933 e-flex e-con-boxed elementor-invisible e-con e-parent\" data-id=\"be5a933\" data-element_type=\"container\" data-settings=\"{&quot;background_background&quot;:&quot;classic&quot;,&quot;jet_parallax_layout_list&quot;:[],&quot;animation&quot;:&quot;fadeIn&quot;}\">\n\t\t\t\t\t<div class=\"e-con-inner\">\n\t\t<div class=\"elementor-element elementor-element-c3c68b6 e-con-full e-flex elementor-invisible e-con e-child\" data-id=\"c3c68b6\" data-element_type=\"container\" data-settings=\"{&quot;background_background&quot;:&quot;classic&quot;,&quot;jet_parallax_layout_list&quot;:[],&quot;animation&quot;:&quot;fadeIn&quot;}\">\n\t\t\t\t<div class=\"elementor-element elementor-element-9db4ccf elementor-widget__width-initial elementor-widget-mobile__width-inherit elementor-widget elementor-widget-image\" data-id=\"9db4ccf\" data-element_type=\"widget\" data-widget_type=\"image.default\">\n\t\t\t\t<div class=\"elementor-widget-container\">\n\t\t\t\t\t\t\t\t\t\t\t\t\t\t\t<img fetchpriority=\"high\" decoding=\"async\" width=\"1024\" height=\"1536\" src=\"https:\/\/phdesign.it\/test\/wp-content\/uploads\/2025\/02\/colore-arancione-in-farmacia.jpg\" class=\"attachment-full size-full wp-image-25863\" alt=\"\" srcset=\"https:\/\/phdesign.it\/test\/wp-content\/uploads\/2025\/02\/colore-arancione-in-farmacia.jpg 1024w, https:\/\/phdesign.it\/test\/wp-content\/uploads\/2025\/02\/colore-arancione-in-farmacia-200x300.jpg 200w, https:\/\/phdesign.it\/test\/wp-content\/uploads\/2025\/02\/colore-arancione-in-farmacia-800x1200.jpg 800w, https:\/\/phdesign.it\/test\/wp-content\/uploads\/2025\/02\/colore-arancione-in-farmacia-768x1152.jpg 768w\" sizes=\"(max-width: 1024px) 100vw, 1024px\" \/>\t\t\t\t\t\t\t\t\t\t\t\t\t\t\t<\/div>\n\t\t\t\t<\/div>\n\t\t\t\t<div class=\"elementor-element elementor-element-82cef89 elementor-widget elementor-widget-text-editor\" data-id=\"82cef89\" data-element_type=\"widget\" data-widget_type=\"text-editor.default\">\n\t\t\t\t<div class=\"elementor-widget-container\">\n\t\t\t\t\t\t\t\t\t<p>l colore <span style=\"color: #993366;\"><em>arancione<\/em><\/span> \u00e8 un colore <span style=\"color: #000000;\">caldo e vivace che si trova tra il rosso e il giallo nell&#8217;arcobaleno. \u00c8 spesso associato al calore, all&#8217;energia, alla vitalit\u00e0 e alla creativit\u00e0. Pu\u00f2 essere utilizzato per attirare l&#8217;attenzione, per rappresentare l&#8217;entusiasmo e per aggiungere un tocco di allegria ad un&#8217;immagine o ad un&#8217;ambiente. Il colore arancione \u00e8 spesso utilizzato in branding e pubblicit\u00e0 per comunicare un senso di calore, amicizia e ottimismo.<\/span><\/p><p><span style=\"color: #000000;\">In <strong>farmacia<\/strong>\u00a0il\u00a0colore arancione pu\u00f2 essere utilizzato per indicare la presenza di determinati ingredienti o sostanze negli integratori, come la presenza di vitamina C, beta-carotene o altri antiossidanti.\u00a0<\/span><\/p>\t\t\t\t\t\t\t\t<\/div>\n\t\t\t\t<\/div>\n\t\t\t\t<\/div>\n\t\t\t\t\t<\/div>\n\t\t\t\t<\/div>\n\t\t<div class=\"elementor-element elementor-element-df29ee1 e-con-full e-flex e-con e-parent\" data-id=\"df29ee1\" data-element_type=\"container\" data-settings=\"{&quot;jet_parallax_layout_list&quot;:[]}\">\n\t\t<div class=\"elementor-element elementor-element-406ea0f e-con-full e-flex e-con e-child\" data-id=\"406ea0f\" data-element_type=\"container\" data-settings=\"{&quot;jet_parallax_layout_list&quot;:[]}\">\n\t\t\t\t<div class=\"elementor-element elementor-element-68e2135 elementor-widget elementor-widget-spacer\" data-id=\"68e2135\" data-element_type=\"widget\" data-widget_type=\"spacer.default\">\n\t\t\t\t<div class=\"elementor-widget-container\">\n\t\t\t\t\t\t\t<div class=\"elementor-spacer\">\n\t\t\t<div class=\"elementor-spacer-inner\"><\/div>\n\t\t<\/div>\n\t\t\t\t\t\t<\/div>\n\t\t\t\t<\/div>\n\t\t\t\t<\/div>\n\t\t<div class=\"elementor-element elementor-element-bcf645d e-con-full e-flex e-con e-child\" data-id=\"bcf645d\" data-element_type=\"container\" data-settings=\"{&quot;jet_parallax_layout_list&quot;:[]}\">\n\t\t\t\t<\/div>\n\t\t\t\t<\/div>\n\t\t<div class=\"elementor-element elementor-element-fbae211 e-flex e-con-boxed elementor-invisible e-con e-parent\" data-id=\"fbae211\" data-element_type=\"container\" data-settings=\"{&quot;background_background&quot;:&quot;classic&quot;,&quot;jet_parallax_layout_list&quot;:[],&quot;animation&quot;:&quot;fadeIn&quot;}\">\n\t\t\t\t\t<div class=\"e-con-inner\">\n\t\t<div class=\"elementor-element elementor-element-2770c4c e-con-full e-flex elementor-invisible e-con e-child\" data-id=\"2770c4c\" data-element_type=\"container\" data-settings=\"{&quot;background_background&quot;:&quot;classic&quot;,&quot;jet_parallax_layout_list&quot;:[],&quot;animation&quot;:&quot;fadeIn&quot;}\">\n\t\t\t\t<div class=\"elementor-element elementor-element-e7e59cb elementor-widget elementor-widget-jet-slider\" data-id=\"e7e59cb\" data-element_type=\"widget\" data-settings=\"{&quot;slider_height&quot;:{&quot;unit&quot;:&quot;px&quot;,&quot;size&quot;:479,&quot;sizes&quot;:[]},&quot;slider_height_tablet&quot;:{&quot;unit&quot;:&quot;px&quot;,&quot;size&quot;:&quot;&quot;,&quot;sizes&quot;:[]},&quot;slider_height_mobile&quot;:{&quot;unit&quot;:&quot;px&quot;,&quot;size&quot;:&quot;&quot;,&quot;sizes&quot;:[]},&quot;thumbnail_width&quot;:120,&quot;thumbnail_height&quot;:80}\" data-widget_type=\"jet-slider.default\">\n\t\t\t\t<div class=\"elementor-widget-container\">\n\t\t\t\t\t<div class=\"elementor-jet-slider jet-elements\">\n<div class=\"jet-slider jet-slider__image-exact\" data-settings='{\"sliderWidth\":{\"unit\":\"%\",\"size\":100,\"sizes\":[]},\"sliderHeight\":{\"unit\":\"px\",\"size\":479,\"sizes\":[]},\"sliderNavigation\":false,\"sliderNavigationIcon\":\"jet-slider__arrow-icon-e7e59cb\",\"sliderNaviOnHover\":false,\"sliderPagination\":false,\"sliderAutoplay\":true,\"sliderAutoplayDelay\":3000,\"sliderAutoplayOnHover\":\"pause\",\"sliderFullScreen\":true,\"sliderFullscreenIcon\":\"jet-slider__fullscreen-icon-e7e59cb\",\"sliderShuffle\":false,\"sliderLoop\":true,\"sliderFadeMode\":true,\"slideDistance\":{\"unit\":\"px\",\"size\":10,\"sizes\":[]},\"slideDuration\":800,\"imageScaleMode\":\"exact\",\"thumbnails\":true,\"thumbnailWidth\":120,\"thumbnailHeight\":80,\"rightToLeft\":false,\"touchswipe\":true,\"fractionPag\":false}'>\n\t\n<div  class=\"slider-pro\"><div class=\"jet-slider__arrow-icon-e7e59cb hidden-html\"><\/div><div class=\"jet-slider__fullscreen-icon-e7e59cb hidden-html\"><svg aria-hidden=\"true\" class=\"e-font-icon-svg e-fas-arrows-alt\" viewBox=\"0 0 512 512\" xmlns=\"http:\/\/www.w3.org\/2000\/svg\"><path d=\"M352.201 425.775l-79.196 79.196c-9.373 9.373-24.568 9.373-33.941 0l-79.196-79.196c-15.119-15.119-4.411-40.971 16.971-40.97h51.162L228 284H127.196v51.162c0 21.382-25.851 32.09-40.971 16.971L7.029 272.937c-9.373-9.373-9.373-24.569 0-33.941L86.225 159.8c15.119-15.119 40.971-4.411 40.971 16.971V228H228V127.196h-51.23c-21.382 0-32.09-25.851-16.971-40.971l79.196-79.196c9.373-9.373 24.568-9.373 33.941 0l79.196 79.196c15.119 15.119 4.411 40.971-16.971 40.971h-51.162V228h100.804v-51.162c0-21.382 25.851-32.09 40.97-16.971l79.196 79.196c9.373 9.373 9.373 24.569 0 33.941L425.773 352.2c-15.119 15.119-40.971 4.411-40.97-16.971V284H284v100.804h51.23c21.382 0 32.09 25.851 16.971 40.971z\"><\/path><\/svg><\/div><div class=\"jet-slider__items sp-slides\">\n\n\n<div  class=\"jet-slider__item sp-slide elementor-repeater-item-8e1b57e\"><img decoding=\"async\" class=\"sp-image\" src=\"https:\/\/phdesign.it\/test\/wp-content\/uploads\/2025\/01\/photo1627375107-5.jpeg\" alt=\"photo1627375107-5.jpeg\" loading=\"lazy\"><img decoding=\"async\" class=\"sp-thumbnail\" src=\"https:\/\/phdesign.it\/test\/wp-content\/uploads\/2025\/01\/photo1627375107-5-150x150.jpeg\" alt=\"photo1627375107-5.jpeg\" loading=\"lazy\"><div class=\"jet-slider__content sp-layer \" data-position=\"centerCenter\" data-width=\"100%\" data-height=\"100%\" data-horizontal=\"0%\" data-show-transition=\"up\" data-show-duration=\"400\" data-show-delay=\"400\" >\n\t\t<div class=\"jet-slider__content-item\">\n\t\t\t<div class=\"jet-slider__content-inner\"><div class=\"jet-slider__desc\">Vedi la nostra realizzazione Farmacia Casalfiumanese nella quale abbiamo operato un restyling recuperando i vecchi mobili gialli donandogli un nuovo aspettocon l'aggiunta dei nuovi banchi vendita.<\/div>\n\t\t\t\t\t\t<div class=\"jet-slider__button-wrapper\">\t\t\t\t\t\t<\/div><\/div>\n\t\t<\/div>\n\t\t\t<\/div>\n<\/div>\n\n<div  class=\"jet-slider__item sp-slide elementor-repeater-item-07d632f\"><img decoding=\"async\" class=\"sp-image\" src=\"https:\/\/phdesign.it\/test\/wp-content\/uploads\/2025\/01\/20191023_103023-scaled-1.jpg\" alt=\"20191023_103023-scaled.jpg\" loading=\"lazy\"><img decoding=\"async\" class=\"sp-thumbnail\" src=\"https:\/\/phdesign.it\/test\/wp-content\/uploads\/2025\/01\/20191023_103023-scaled-1-150x150.jpg\" alt=\"20191023_103023-scaled.jpg\" loading=\"lazy\"><div class=\"jet-slider__content sp-layer \" data-position=\"centerCenter\" data-width=\"100%\" data-height=\"100%\" data-horizontal=\"0%\" data-show-transition=\"up\" data-show-duration=\"400\" data-show-delay=\"400\" >\n\t\t<div class=\"jet-slider__content-item\">\n\t\t\t<div class=\"jet-slider__content-inner\"><div class=\"jet-slider__desc\">Vedi la nostra realizzazione di Farmacia Corsi il nostro progetto per l\u2019ampliamento e il restyling\u00a0 dove\u00a0\u00a0l\u2019introduzione al\u00a0concetto di arredamento\u00a0naturale \u00a0corrisponde all\u2019implementazione di un nuovo e grande reparto naturale e bio in farmacia<\/div>\n\t\t\t\t\t\t<div class=\"jet-slider__button-wrapper\">\t\t\t\t\t\t<\/div><\/div>\n\t\t<\/div>\n\t\t\t<\/div>\n<\/div>\n\n<\/div>\n<\/div>\n<\/div>\n<\/div>\t\t\t\t<\/div>\n\t\t\t\t<\/div>\n\t\t\t\t<\/div>\n\t\t\t\t\t<\/div>\n\t\t\t\t<\/div>\n\t\t<div class=\"elementor-element elementor-element-4fcdd23 e-flex e-con-boxed e-con e-parent\" data-id=\"4fcdd23\" data-element_type=\"container\" data-settings=\"{&quot;jet_parallax_layout_list&quot;:[]}\">\n\t\t\t\t\t<div class=\"e-con-inner\">\n\t\t\t\t<div class=\"elementor-element elementor-element-9abf86b elementor-widget elementor-widget-spacer\" data-id=\"9abf86b\" data-element_type=\"widget\" data-widget_type=\"spacer.default\">\n\t\t\t\t<div class=\"elementor-widget-container\">\n\t\t\t\t\t\t\t<div class=\"elementor-spacer\">\n\t\t\t<div class=\"elementor-spacer-inner\"><\/div>\n\t\t<\/div>\n\t\t\t\t\t\t<\/div>\n\t\t\t\t<\/div>\n\t\t\t\t\t<\/div>\n\t\t\t\t<\/div>\n\t\t\t\t<\/div>\n\t\t","protected":false},"excerpt":{"rendered":"<p>Arancione l colore arancione \u00e8 un colore caldo e vivace che si trova tra il rosso e il giallo nell&#8217;arcobaleno. \u00c8 spesso associato al calore, all&#8217;energia, alla vitalit\u00e0 e alla creativit\u00e0. Pu\u00f2 essere utilizzato per attirare l&#8217;attenzione, per rappresentare l&#8217;entusiasmo e per aggiungere un tocco di allegria ad un&#8217;immagine o ad un&#8217;ambiente. Il colore arancione [&hellip;]<\/p>\n","protected":false},"author":1,"featured_media":0,"parent":22,"menu_order":0,"comment_status":"closed","ping_status":"closed","template":"","meta":{"footnotes":""},"class_list":["post-24866","page","type-page","status-publish","hentry"],"_links":{"self":[{"href":"https:\/\/phdesign.it\/test\/wp-json\/wp\/v2\/pages\/24866","targetHints":{"allow":["GET"]}}],"collection":[{"href":"https:\/\/phdesign.it\/test\/wp-json\/wp\/v2\/pages"}],"about":[{"href":"https:\/\/phdesign.it\/test\/wp-json\/wp\/v2\/types\/page"}],"author":[{"embeddable":true,"href":"https:\/\/phdesign.it\/test\/wp-json\/wp\/v2\/users\/1"}],"replies":[{"embeddable":true,"href":"https:\/\/phdesign.it\/test\/wp-json\/wp\/v2\/comments?post=24866"}],"version-history":[{"count":29,"href":"https:\/\/phdesign.it\/test\/wp-json\/wp\/v2\/pages\/24866\/revisions"}],"predecessor-version":[{"id":26302,"href":"https:\/\/phdesign.it\/test\/wp-json\/wp\/v2\/pages\/24866\/revisions\/26302"}],"up":[{"embeddable":true,"href":"https:\/\/phdesign.it\/test\/wp-json\/wp\/v2\/pages\/22"}],"wp:attachment":[{"href":"https:\/\/phdesign.it\/test\/wp-json\/wp\/v2\/media?parent=24866"}],"curies":[{"name":"wp","href":"https:\/\/api.w.org\/{rel}","templated":true}]}}