{"id":101,"date":"2025-01-07T10:30:37","date_gmt":"2025-01-07T10:30:37","guid":{"rendered":"https:\/\/phdesign.it\/test\/category-in-farmacia\/"},"modified":"2025-03-17T09:45:30","modified_gmt":"2025-03-17T09:45:30","slug":"category-in-farmacia","status":"publish","type":"page","link":"https:\/\/phdesign.it\/test\/category-in-farmacia\/","title":{"rendered":"CATEGORY IN FARMACIA"},"content":{"rendered":"\t\t<div data-elementor-type=\"wp-page\" data-elementor-id=\"101\" class=\"elementor elementor-101\" data-elementor-post-type=\"page\">\n\t\t\t\t<div class=\"elementor-element elementor-element-b45aa8c e-con-full e-flex e-con e-parent\" data-id=\"b45aa8c\" data-element_type=\"container\" data-settings=\"{&quot;jet_parallax_layout_list&quot;:[]}\">\n\t\t<div class=\"elementor-element elementor-element-3ecefe2 e-con-full e-flex e-con e-child\" data-id=\"3ecefe2\" data-element_type=\"container\" data-settings=\"{&quot;jet_parallax_layout_list&quot;:[]}\">\n\t\t\t\t<div class=\"elementor-element elementor-element-edaa231 elementor-widget elementor-widget-spacer\" data-id=\"edaa231\" data-element_type=\"widget\" data-widget_type=\"spacer.default\">\n\t\t\t\t<div class=\"elementor-widget-container\">\n\t\t\t\t\t\t\t<div class=\"elementor-spacer\">\n\t\t\t<div class=\"elementor-spacer-inner\"><\/div>\n\t\t<\/div>\n\t\t\t\t\t\t<\/div>\n\t\t\t\t<\/div>\n\t\t\t\t<\/div>\n\t\t<div class=\"elementor-element elementor-element-00c5997 e-con-full e-flex e-con e-child\" data-id=\"00c5997\" data-element_type=\"container\" data-settings=\"{&quot;jet_parallax_layout_list&quot;:[]}\">\n\t\t\t\t<\/div>\n\t\t\t\t<\/div>\n\t\t<div class=\"elementor-element elementor-element-b76d621 e-flex e-con-boxed e-con e-parent\" data-id=\"b76d621\" data-element_type=\"container\" data-settings=\"{&quot;jet_parallax_layout_list&quot;:[]}\">\n\t\t\t\t\t<div class=\"e-con-inner\">\n\t\t\t\t<div class=\"elementor-element elementor-element-7fbfb5c elementor-widget elementor-widget-heading\" data-id=\"7fbfb5c\" data-element_type=\"widget\" data-widget_type=\"heading.default\">\n\t\t\t\t<div class=\"elementor-widget-container\">\n\t\t\t\t\t<h2 class=\"elementor-heading-title elementor-size-default\">il category in farmacia<\/h2>\t\t\t\t<\/div>\n\t\t\t\t<\/div>\n\t\t\t\t<div class=\"elementor-element elementor-element-b2a18df elementor-widget__width-initial elementor-widget elementor-widget-text-editor\" data-id=\"b2a18df\" data-element_type=\"widget\" data-widget_type=\"text-editor.default\">\n\t\t\t\t<div class=\"elementor-widget-container\">\n\t\t\t\t\t\t\t\t\t<p><span style=\"color: #000000; font-family: var( --e-global-typography-text-font-family ), Sans-serif;\">Mettiamo a tua disposizione le nostre strategie di<\/span><span style=\"color: #000000; font-family: var( --e-global-typography-text-font-family ), Sans-serif;\">\u00a0<\/span><strong style=\"color: #000000; font-family: var( --e-global-typography-text-font-family ), Sans-serif;\"><span style=\"color: #993366;\"><em>category<\/em> \u00a0in farmacia<\/span>\u00a0<\/strong><span style=\"color: #000000; font-family: var( --e-global-typography-text-font-family ), Sans-serif;\">con l\u2019obiettivo di\u00a0<\/span><strong>aumentare<span style=\"color: #000000; font-family: var( --e-global-typography-text-font-family ), Sans-serif;\">\u00a0<\/span><\/strong><span style=\"color: #000000; font-family: var( --e-global-typography-text-font-family ), Sans-serif;\"><strong>il tuo fatturato<\/strong>.\u00a0<\/span><span style=\"color: #000000;\">Studiamo un&#8217;esposizione direttamente proporzionale alle categorie merceologiche pi\u00f9 redditizie privilegiandone la visibilit\u00e0 e i metri lineari di esposizione.<\/span><\/p><p>Questo al fine di<\/p><ul><li>Fidelizzare i consumatori che divengono cos\u00ec clienti soddisfatti del servizio ricevuto e quindi torneranno sicuramente in farmacia.<\/li><li>Migliorare la redditivit\u00e0 delle categorie nel corso del tempo<\/li><\/ul><p>Per rendere pi\u00f9 competitiva la propria farmacia dal punto di vista commerciale e di conseguenza accrescere il proprio business bisogna puntare su nuovi strumenti di gestione, quindi anche su <strong>strategie legate all&#8217;esposizione dei prodotti<\/strong>\u00a0al fine di incoraggiare i clienti ad acquistare.<\/p>\t\t\t\t\t\t\t\t<\/div>\n\t\t\t\t<\/div>\n\t\t\t\t\t<\/div>\n\t\t\t\t<\/div>\n\t\t<div class=\"elementor-element elementor-element-738aaea e-flex e-con-boxed elementor-invisible e-con e-parent\" data-id=\"738aaea\" data-element_type=\"container\" data-settings=\"{&quot;background_background&quot;:&quot;classic&quot;,&quot;jet_parallax_layout_list&quot;:[],&quot;animation&quot;:&quot;fadeIn&quot;}\">\n\t\t\t\t\t<div class=\"e-con-inner\">\n\t\t<div class=\"elementor-element elementor-element-d2f6492 e-con-full e-flex elementor-invisible e-con e-child\" data-id=\"d2f6492\" data-element_type=\"container\" data-settings=\"{&quot;background_background&quot;:&quot;classic&quot;,&quot;jet_parallax_layout_list&quot;:[],&quot;animation&quot;:&quot;fadeIn&quot;}\">\n\t\t<div class=\"elementor-element elementor-element-0c0c5cb e-con-full e-flex e-con e-child\" data-id=\"0c0c5cb\" data-element_type=\"container\" data-settings=\"{&quot;jet_parallax_layout_list&quot;:[]}\">\n\t\t\t\t<div class=\"elementor-element elementor-element-d4f1f4f elementor-widget__width-initial elementor-widget elementor-widget-image\" data-id=\"d4f1f4f\" data-element_type=\"widget\" data-widget_type=\"image.default\">\n\t\t\t\t<div class=\"elementor-widget-container\">\n\t\t\t\t\t\t\t\t\t\t\t\t<figure class=\"wp-caption\">\n\t\t\t\t\t\t\t\t\t\t\t<a href=\"https:\/\/www.phdesign.it\/lavori\/ristrutturazione-farmacie-gruppo-pharma-experience\/\" target=\"_blank\">\n\t\t\t\t\t\t\t<img fetchpriority=\"high\" decoding=\"async\" width=\"800\" height=\"534\" src=\"https:\/\/phdesign.it\/test\/wp-content\/uploads\/2025\/01\/4Z0A4933-scaled-1-1024x683.jpg\" class=\"attachment-large size-large wp-image-102\" alt=\"\" srcset=\"https:\/\/phdesign.it\/test\/wp-content\/uploads\/2025\/01\/4Z0A4933-scaled-1-1024x683.jpg 1024w, https:\/\/phdesign.it\/test\/wp-content\/uploads\/2025\/01\/4Z0A4933-scaled-1-300x200.jpg 300w, https:\/\/phdesign.it\/test\/wp-content\/uploads\/2025\/01\/4Z0A4933-scaled-1-768x512.jpg 768w, https:\/\/phdesign.it\/test\/wp-content\/uploads\/2025\/01\/4Z0A4933-scaled-1-1536x1024.jpg 1536w, https:\/\/phdesign.it\/test\/wp-content\/uploads\/2025\/01\/4Z0A4933-scaled-1-2048x1366.jpg 2048w\" sizes=\"(max-width: 800px) 100vw, 800px\" \/>\t\t\t\t\t\t\t\t<\/a>\n\t\t\t\t\t\t\t\t\t\t\t<figcaption class=\"widget-image-caption wp-caption-text\">Gruppo farmacie pharmaexperience<\/figcaption>\n\t\t\t\t\t\t\t\t\t\t<\/figure>\n\t\t\t\t\t\t\t\t\t<\/div>\n\t\t\t\t<\/div>\n\t\t\t\t<div class=\"elementor-element elementor-element-8258c2a elementor-widget elementor-widget-image\" data-id=\"8258c2a\" data-element_type=\"widget\" data-widget_type=\"image.default\">\n\t\t\t\t<div class=\"elementor-widget-container\">\n\t\t\t\t\t\t\t\t\t\t\t\t<figure class=\"wp-caption\">\n\t\t\t\t\t\t\t\t\t\t\t<a href=\"https:\/\/www.phdesign.it\/lavori\/farmacia-capecci-completamente-rinnovata\/\" target=\"_blank\">\n\t\t\t\t\t\t\t<img decoding=\"async\" width=\"225\" height=\"300\" src=\"https:\/\/phdesign.it\/test\/wp-content\/uploads\/2025\/01\/photo_2022-04-05-11.05.25-225x300.jpeg\" class=\"attachment-medium size-medium wp-image-103\" alt=\"\" srcset=\"https:\/\/phdesign.it\/test\/wp-content\/uploads\/2025\/01\/photo_2022-04-05-11.05.25-225x300.jpeg 225w, https:\/\/phdesign.it\/test\/wp-content\/uploads\/2025\/01\/photo_2022-04-05-11.05.25-768x1024.jpeg 768w, https:\/\/phdesign.it\/test\/wp-content\/uploads\/2025\/01\/photo_2022-04-05-11.05.25.jpeg 960w\" sizes=\"(max-width: 225px) 100vw, 225px\" \/>\t\t\t\t\t\t\t\t<\/a>\n\t\t\t\t\t\t\t\t\t\t\t<figcaption class=\"widget-image-caption wp-caption-text\">farmacia Capecci<\/figcaption>\n\t\t\t\t\t\t\t\t\t\t<\/figure>\n\t\t\t\t\t\t\t\t\t<\/div>\n\t\t\t\t<\/div>\n\t\t\t\t<\/div>\n\t\t\t\t<div class=\"elementor-element elementor-element-1b29ed9 elementor-widget elementor-widget-text-editor\" data-id=\"1b29ed9\" data-element_type=\"widget\" data-widget_type=\"text-editor.default\">\n\t\t\t\t<div class=\"elementor-widget-container\">\n\t\t\t\t\t\t\t\t\t<h2>Le nostre strategie di category in farmacia<\/h2><ul><li><p><span style=\"color: #000000;\"><span style=\"caret-color: #000000;\">Analisi del venduto per <span style=\"color: #993366;\">ottimizzare l&#8217;esposizione <\/span><\/span><\/span><span style=\"caret-color: #000000;\">dei prodotti<\/span><\/p><\/li><li><p><span style=\"color: #993366;\">Planogramma degli spazi espositivi <span style=\"color: #333333;\">con <\/span><span style=\"color: #333333;\">scelta della tipologia di arredi pi\u00f9 efficace per ogni categoria di prodotti<\/span><\/span><\/p><\/li><\/ul><p>Non dimentichiamo che il category \u00e8 un <strong>procedimento<\/strong> di <strong>gestione <\/strong>dei prodotti, che si pu\u00f2 applicare sia alla farmacia fisica che a quella online. Questo \u00e8 molto importante oggi dove il posizionamento sui motori di ricerca \u00e8 fondamentale per continuare a crescere .<\/p><p>Il fine \u00e8 sempre unico: avere il controllo completo per ogni tipologia di scaffale, incluso il retro.<\/p>\t\t\t\t\t\t\t\t<\/div>\n\t\t\t\t<\/div>\n\t\t\t\t<\/div>\n\t\t\t\t\t<\/div>\n\t\t\t\t<\/div>\n\t\t<div class=\"elementor-element elementor-element-9cdc727 e-con-full e-flex e-con e-parent\" data-id=\"9cdc727\" data-element_type=\"container\" data-settings=\"{&quot;jet_parallax_layout_list&quot;:[]}\">\n\t\t<div class=\"elementor-element elementor-element-540c012 e-con-full e-flex e-con e-child\" data-id=\"540c012\" data-element_type=\"container\" data-settings=\"{&quot;jet_parallax_layout_list&quot;:[]}\">\n\t\t\t\t<div class=\"elementor-element elementor-element-2403e99 elementor-widget elementor-widget-spacer\" data-id=\"2403e99\" data-element_type=\"widget\" data-widget_type=\"spacer.default\">\n\t\t\t\t<div class=\"elementor-widget-container\">\n\t\t\t\t\t\t\t<div class=\"elementor-spacer\">\n\t\t\t<div class=\"elementor-spacer-inner\"><\/div>\n\t\t<\/div>\n\t\t\t\t\t\t<\/div>\n\t\t\t\t<\/div>\n\t\t\t\t<\/div>\n\t\t<div class=\"elementor-element elementor-element-eea10b0 e-con-full e-flex e-con e-child\" data-id=\"eea10b0\" data-element_type=\"container\" data-settings=\"{&quot;jet_parallax_layout_list&quot;:[]}\">\n\t\t\t\t<\/div>\n\t\t\t\t<\/div>\n\t\t<div class=\"elementor-element elementor-element-110869e e-flex e-con-boxed e-con e-parent\" data-id=\"110869e\" data-element_type=\"container\" data-settings=\"{&quot;background_background&quot;:&quot;classic&quot;,&quot;jet_parallax_layout_list&quot;:[]}\">\n\t\t\t\t\t<div class=\"e-con-inner\">\n\t\t<div class=\"elementor-element elementor-element-6e8129c e-con-full e-flex e-con e-child\" data-id=\"6e8129c\" data-element_type=\"container\" data-settings=\"{&quot;jet_parallax_layout_list&quot;:[]}\">\n\t\t\t\t<div class=\"elementor-element elementor-element-33a9065 elementor-widget__width-initial elementor-widget elementor-widget-text-editor\" data-id=\"33a9065\" data-element_type=\"widget\" data-widget_type=\"text-editor.default\">\n\t\t\t\t<div class=\"elementor-widget-container\">\n\t\t\t\t\t\t\t\t\t<p style=\"text-align: left;\">Dai un&#8217;occhiata al nostro <a href=\"https:\/\/www.phdesign.it\/blog\/\" target=\"_blank\" rel=\"noopener\">blog,\u00a0<\/a> puoi trovare altri articoli sul <strong>category<\/strong> \u00a0utili per \u00a0la tua farmacia!<\/p>\t\t\t\t\t\t\t\t<\/div>\n\t\t\t\t<\/div>\n\t\t\t\t<div class=\"elementor-element elementor-element-ecdd3e6 elementor-widget__width-inherit elementor-widget elementor-widget-jet-button\" data-id=\"ecdd3e6\" data-element_type=\"widget\" data-widget_type=\"jet-button.default\">\n\t\t\t\t<div class=\"elementor-widget-container\">\n\t\t\t\t\t<div class=\"elementor-jet-button jet-elements\"><div class=\"jet-button__container\">\n\t<a class=\"jet-button__instance jet-button__instance--icon-left hover-effect-0\" href=\"https:\/\/www.phdesign.it\/visual-e-brand-in-farmacia\/\">\n\t\t<div class=\"jet-button__plane jet-button__plane-normal\"><\/div>\n\t\t<div class=\"jet-button__plane jet-button__plane-hover\"><\/div>\n\t\t<div class=\"jet-button__state jet-button__state-normal\">\n\t\t\t<span class=\"jet-button__label\">leggi anche<\/span>\t\t<\/div>\n\t\t<div class=\"jet-button__state jet-button__state-hover\">\n\t\t\t<span class=\"jet-button__label\">comunicazione visual e brand<\/span>\t\t<\/div>\n\t<\/a>\n<\/div>\n<\/div>\t\t\t\t<\/div>\n\t\t\t\t<\/div>\n\t\t\t\t<\/div>\n\t\t<div class=\"elementor-element elementor-element-3246c65 e-con-full e-flex e-con e-child\" data-id=\"3246c65\" data-element_type=\"container\" data-settings=\"{&quot;jet_parallax_layout_list&quot;:[]}\">\n\t\t\t\t<div class=\"elementor-element elementor-element-5edfd87 elementor-widget elementor-widget-spacer\" data-id=\"5edfd87\" data-element_type=\"widget\" data-widget_type=\"spacer.default\">\n\t\t\t\t<div class=\"elementor-widget-container\">\n\t\t\t\t\t\t\t<div class=\"elementor-spacer\">\n\t\t\t<div class=\"elementor-spacer-inner\"><\/div>\n\t\t<\/div>\n\t\t\t\t\t\t<\/div>\n\t\t\t\t<\/div>\n\t\t\t\t<\/div>\n\t\t\t\t\t<\/div>\n\t\t\t\t<\/div>\n\t\t\t\t<\/div>\n\t\t","protected":false},"excerpt":{"rendered":"<p>il category in farmacia Mettiamo a tua disposizione le nostre strategie di\u00a0category \u00a0in farmacia\u00a0con l\u2019obiettivo di\u00a0aumentare\u00a0il tuo fatturato.\u00a0Studiamo un&#8217;esposizione direttamente proporzionale alle categorie merceologiche pi\u00f9 redditizie privilegiandone la visibilit\u00e0 e i metri lineari di esposizione. Questo al fine di Fidelizzare i consumatori che divengono cos\u00ec clienti soddisfatti del servizio ricevuto e quindi torneranno sicuramente in [&hellip;]<\/p>\n","protected":false},"author":1,"featured_media":0,"parent":0,"menu_order":0,"comment_status":"closed","ping_status":"closed","template":"","meta":{"footnotes":""},"class_list":["post-101","page","type-page","status-publish","hentry"],"_links":{"self":[{"href":"https:\/\/phdesign.it\/test\/wp-json\/wp\/v2\/pages\/101","targetHints":{"allow":["GET"]}}],"collection":[{"href":"https:\/\/phdesign.it\/test\/wp-json\/wp\/v2\/pages"}],"about":[{"href":"https:\/\/phdesign.it\/test\/wp-json\/wp\/v2\/types\/page"}],"author":[{"embeddable":true,"href":"https:\/\/phdesign.it\/test\/wp-json\/wp\/v2\/users\/1"}],"replies":[{"embeddable":true,"href":"https:\/\/phdesign.it\/test\/wp-json\/wp\/v2\/comments?post=101"}],"version-history":[{"count":10,"href":"https:\/\/phdesign.it\/test\/wp-json\/wp\/v2\/pages\/101\/revisions"}],"predecessor-version":[{"id":26517,"href":"https:\/\/phdesign.it\/test\/wp-json\/wp\/v2\/pages\/101\/revisions\/26517"}],"wp:attachment":[{"href":"https:\/\/phdesign.it\/test\/wp-json\/wp\/v2\/media?parent=101"}],"curies":[{"name":"wp","href":"https:\/\/api.w.org\/{rel}","templated":true}]}}